{"id":2442,"date":"2023-01-04T14:35:14","date_gmt":"2023-01-04T15:35:14","guid":{"rendered":"https:\/\/test.digitlantico.local\/costapereira\/public_html\/centro-de-privacidade\/cookie-policy\/"},"modified":"2023-01-04T14:59:02","modified_gmt":"2023-01-04T15:59:02","slug":"cookie-policy","status":"publish","type":"page","link":"https:\/\/test.digitlantico.pt\/costapereira\/public_html\/cookie-policy\/","title":{"rendered":"Pol\u00edtica de Cookies"},"content":{"rendered":"\t\t<div data-elementor-type=\"wp-page\" data-elementor-id=\"2442\" class=\"elementor elementor-2442 elementor-2430\">\n\t\t\t\t\t\t\t\t\t<section class=\"elementor-section elementor-top-section elementor-element elementor-element-c63debe elementor-section-boxed elementor-section-height-default elementor-section-height-default\" data-id=\"c63debe\" data-element_type=\"section\">\n\t\t\t\t\t\t<div class=\"elementor-container elementor-column-gap-default\">\n\t\t\t\t\t<div class=\"elementor-column elementor-col-100 elementor-top-column elementor-element elementor-element-73f6333\" data-id=\"73f6333\" data-element_type=\"column\">\n\t\t\t<div class=\"elementor-widget-wrap elementor-element-populated\">\n\t\t\t\t\t\t\t\t<div class=\"elementor-element elementor-element-d0bcbca elementor-widget elementor-widget-spacer\" data-id=\"d0bcbca\" data-element_type=\"widget\" data-widget_type=\"spacer.default\">\n\t\t\t\t<div class=\"elementor-widget-container\">\n\t\t\t<style>\/*! elementor - v3.11.5 - 14-03-2023 *\/\n.elementor-column .elementor-spacer-inner{height:var(--spacer-size)}.e-con{--container-widget-width:100%}.e-con-inner>.elementor-widget-spacer,.e-con>.elementor-widget-spacer{width:var(--container-widget-width,var(--spacer-size));--align-self:var(--container-widget-align-self,initial);--flex-shrink:0}.e-con-inner>.elementor-widget-spacer>.elementor-widget-container,.e-con-inner>.elementor-widget-spacer>.elementor-widget-container>.elementor-spacer,.e-con>.elementor-widget-spacer>.elementor-widget-container,.e-con>.elementor-widget-spacer>.elementor-widget-container>.elementor-spacer{height:100%}.e-con-inner>.elementor-widget-spacer>.elementor-widget-container>.elementor-spacer>.elementor-spacer-inner,.e-con>.elementor-widget-spacer>.elementor-widget-container>.elementor-spacer>.elementor-spacer-inner{height:var(--container-widget-height,var(--spacer-size))}<\/style>\t\t<div class=\"elementor-spacer\">\n\t\t\t<div class=\"elementor-spacer-inner\"><\/div>\n\t\t<\/div>\n\t\t\t\t<\/div>\n\t\t\t\t<\/div>\n\t\t\t\t\t<\/div>\n\t\t<\/div>\n\t\t\t\t\t\t\t<\/div>\n\t\t<\/section>\n\t\t\t\t<section class=\"elementor-section elementor-top-section elementor-element elementor-element-c404a82 elementor-section-boxed elementor-section-height-default elementor-section-height-default\" data-id=\"c404a82\" data-element_type=\"section\">\n\t\t\t\t\t\t<div class=\"elementor-container elementor-column-gap-default\">\n\t\t\t\t\t<div class=\"elementor-column elementor-col-100 elementor-top-column elementor-element elementor-element-77fea85\" data-id=\"77fea85\" data-element_type=\"column\">\n\t\t\t<div class=\"elementor-widget-wrap elementor-element-populated\">\n\t\t\t\t\t\t\t\t<div class=\"elementor-element elementor-element-2f9e0b0 elementor-widget elementor-widget-heading\" data-id=\"2f9e0b0\" data-element_type=\"widget\" data-widget_type=\"heading.default\">\n\t\t\t\t<div class=\"elementor-widget-container\">\n\t\t\t<style>\/*! elementor - v3.11.5 - 14-03-2023 *\/\n.elementor-heading-title{padding:0;margin:0;line-height:1}.elementor-widget-heading .elementor-heading-title[class*=elementor-size-]>a{color:inherit;font-size:inherit;line-height:inherit}.elementor-widget-heading .elementor-heading-title.elementor-size-small{font-size:15px}.elementor-widget-heading .elementor-heading-title.elementor-size-medium{font-size:19px}.elementor-widget-heading .elementor-heading-title.elementor-size-large{font-size:29px}.elementor-widget-heading .elementor-heading-title.elementor-size-xl{font-size:39px}.elementor-widget-heading .elementor-heading-title.elementor-size-xxl{font-size:59px}<\/style><h2 class=\"elementor-heading-title elementor-size-default\">Pol\u00edtica de Cookies<\/h2>\t\t<\/div>\n\t\t\t\t<\/div>\n\t\t\t\t\t<\/div>\n\t\t<\/div>\n\t\t\t\t\t\t\t<\/div>\n\t\t<\/section>\n\t\t\t\t<section class=\"elementor-section elementor-top-section elementor-element elementor-element-2218caa9 elementor-section-boxed elementor-section-height-default elementor-section-height-default\" data-id=\"2218caa9\" data-element_type=\"section\">\n\t\t\t\t\t\t<div class=\"elementor-container elementor-column-gap-default\">\n\t\t\t\t\t<div class=\"elementor-column elementor-col-100 elementor-top-column elementor-element elementor-element-36518f73\" data-id=\"36518f73\" data-element_type=\"column\">\n\t\t\t<div class=\"elementor-widget-wrap elementor-element-populated\">\n\t\t\t\t\t\t\t\t<div class=\"elementor-element elementor-element-3cbb5d15 elementor-widget elementor-widget-text-editor\" data-id=\"3cbb5d15\" data-element_type=\"widget\" data-widget_type=\"text-editor.default\">\n\t\t\t\t<div class=\"elementor-widget-container\">\n\t\t\t<style>\/*! elementor - v3.11.5 - 14-03-2023 *\/\n.elementor-widget-text-editor.elementor-drop-cap-view-stacked .elementor-drop-cap{background-color:#818a91;color:#fff}.elementor-widget-text-editor.elementor-drop-cap-view-framed .elementor-drop-cap{color:#818a91;border:3px solid;background-color:transparent}.elementor-widget-text-editor:not(.elementor-drop-cap-view-default) .elementor-drop-cap{margin-top:8px}.elementor-widget-text-editor:not(.elementor-drop-cap-view-default) .elementor-drop-cap-letter{width:1em;height:1em}.elementor-widget-text-editor .elementor-drop-cap{float:left;text-align:center;line-height:1;font-size:50px}.elementor-widget-text-editor .elementor-drop-cap-letter{display:inline-block}<\/style>\t\t\t\t<h2>O que \u00e9 um Cookie?<\/h2><p>Cookies s\u00e3o pequenos arquivos de texto, criados pelo site visitado, que cont\u00eam dados. Eles s\u00e3o armazenados no computador do visitante para dar ao usu\u00e1rio acesso a v\u00e1rias fun\u00e7\u00f5es. Ambos os cookies de sess\u00e3o e os cookies de n\u00e3o sess\u00e3o s\u00e3o usados neste site (o \u201cSite\u201d). Um cookie de sess\u00e3o \u00e9 armazenado temporariamente na mem\u00f3ria do computador enquanto o visitante navega no site. Este cookie \u00e9 apagado quando o usu\u00e1rio fecha o navegador da web ou ap\u00f3s um certo tempo (o que significa que a sess\u00e3o expira). Um cookie sem sess\u00e3o permanece no computador do visitante at\u00e9 ser exclu\u00eddo.<\/p><p><span style=\"font-size: 24px; color: var( --e-global-color-text ); font-family: var( --e-global-typography-text-font-family ), Sans-serif;\">Por que usamos Cookies?<\/span><\/p><p>Usamos cookies para saber mais sobre a forma como os visitantes interagem com nosso conte\u00fado e nos ajudam a melhorar a experi\u00eancia ao visitar nosso Site.<\/p><h2>Funcionalidade do site<\/h2><p>A fun\u00e7\u00e3o de compartilhamento \u00e9 utilizada pelos visitantes para recomendar nosso Site e conte\u00fados em redes sociais como Facebook e Twitter. Os cookies armazenam informa\u00e7\u00f5es sobre como os visitantes usam a fun\u00e7\u00e3o de compartilhamento \u2013 embora n\u00e3o em n\u00edvel individual \u2013 para que o Site possa ser aprimorado. Se voc\u00ea n\u00e3o aceitar cookies, nenhuma informa\u00e7\u00e3o \u00e9 armazenada.<\/p><p>Para algumas das fun\u00e7\u00f5es em nosso Site, usamos fornecedores terceirizados, por exemplo, quando voc\u00ea visita uma p\u00e1gina com v\u00eddeos incorporados ou links para o YouTube. Esses v\u00eddeos ou links (e qualquer outro conte\u00fado de fornecedores terceirizados) podem conter cookies de terceiros e voc\u00ea pode consultar as pol\u00edticas desses sites de terceiros para obter informa\u00e7\u00f5es sobre o uso de cookies.<\/p><h2>Cookies que usamos:<\/h2><p>Este Site usa o Google Analytics que usa cookies. No n\u00edvel agregado, os cookies armazenam informa\u00e7\u00f5es sobre como os visitantes usam o Site, incluindo o n\u00famero de p\u00e1ginas exibidas, de onde vem o visitante e o n\u00famero de visitas, para melhorar o site e garantir uma boa experi\u00eancia do usu\u00e1rio. Se voc\u00ea n\u00e3o aceitar cookies, nenhuma informa\u00e7\u00e3o \u00e9 armazenada.<\/p><h2>Como rejeitar Cookies?<\/h2><p>N\u00e3o usaremos cookies para coletar informa\u00e7\u00f5es de identifica\u00e7\u00e3o pessoal sobre um visitante.<\/p><p>No entanto, voc\u00ea pode optar por rejeitar ou bloquear os cookies definidos por {yourwebsite} alterando as configura\u00e7\u00f5es do seu navegador \u2013 consulte a \u201cfun\u00e7\u00e3o de ajuda\u201d do seu navegador para obter mais detalhes. Observe que a maioria dos navegadores aceita cookies automaticamente, portanto, se voc\u00ea n\u00e3o deseja que os cookies sejam usados, pode ser necess\u00e1rio exclu\u00ed-los ou bloque\u00e1-los ativamente.<\/p><p>Para obter informa\u00e7\u00f5es sobre o uso de cookies em navegadores de celulares e detalhes sobre como rejeitar ou excluir esses cookies, consulte o manual do seu celular.<\/p>\t\t\t\t\t\t<\/div>\n\t\t\t\t<\/div>\n\t\t\t\t<div class=\"elementor-element elementor-element-8293299 elementor-widget elementor-widget-spacer\" data-id=\"8293299\" data-element_type=\"widget\" data-widget_type=\"spacer.default\">\n\t\t\t\t<div class=\"elementor-widget-container\">\n\t\t\t\t\t<div class=\"elementor-spacer\">\n\t\t\t<div class=\"elementor-spacer-inner\"><\/div>\n\t\t<\/div>\n\t\t\t\t<\/div>\n\t\t\t\t<\/div>\n\t\t\t\t\t<\/div>\n\t\t<\/div>\n\t\t\t\t\t\t\t<\/div>\n\t\t<\/section>\n\t\t\t\t\t\t\t<\/div>\n\t\t","protected":false},"excerpt":{"rendered":"<p>Pol\u00edtica de Cookies O que \u00e9 um Cookie? Cookies s\u00e3o pequenos arquivos de texto, criados pelo site visitado, que cont\u00eam dados. Eles s\u00e3o armazenados no computador do visitante para dar ao usu\u00e1rio acesso a v\u00e1rias fun\u00e7\u00f5es. Ambos os cookies de sess\u00e3o e os cookies de n\u00e3o sess\u00e3o s\u00e3o usados neste site (o \u201cSite\u201d). Um cookie de sess\u00e3o \u00e9 armazenado temporariamente na mem\u00f3ria do computador enquanto o visitante navega no site. Este cookie \u00e9 apagado quando o usu\u00e1rio fecha o navegador da web ou ap\u00f3s um certo tempo (o que significa que a sess\u00e3o expira). Um cookie sem sess\u00e3o permanece no computador do visitante at\u00e9 ser exclu\u00eddo. Por que usamos Cookies? Usamos cookies para saber mais sobre a forma como os [&hellip;]<\/p>\n","protected":false},"author":1,"featured_media":0,"parent":0,"menu_order":0,"comment_status":"closed","ping_status":"closed","template":"","meta":{"inline_featured_image":false},"acf":[],"yoast_head":"<!-- This site is optimized with the Yoast SEO plugin v19.8 - https:\/\/yoast.com\/wordpress\/plugins\/seo\/ -->\n<title>Pol\u00edtica de Cookies - Costa Pereira &amp; Filhos<\/title>\n<meta name=\"robots\" content=\"index, follow, max-snippet:-1, max-image-preview:large, max-video-preview:-1\" \/>\n<link rel=\"canonical\" href=\"https:\/\/test.digitlantico.pt\/costapereira\/public_html\/cookie-policy\/\" \/>\n<meta property=\"og:locale\" content=\"pt_PT\" \/>\n<meta property=\"og:type\" content=\"article\" \/>\n<meta property=\"og:title\" content=\"Pol\u00edtica de Cookies - Costa Pereira &amp; Filhos\" \/>\n<meta property=\"og:description\" content=\"Pol\u00edtica de Cookies O que \u00e9 um Cookie? Cookies s\u00e3o pequenos arquivos de texto, criados pelo site visitado, que cont\u00eam dados. Eles s\u00e3o armazenados no computador do visitante para dar ao usu\u00e1rio acesso a v\u00e1rias fun\u00e7\u00f5es. Ambos os cookies de sess\u00e3o e os cookies de n\u00e3o sess\u00e3o s\u00e3o usados neste site (o \u201cSite\u201d). Um cookie de sess\u00e3o \u00e9 armazenado temporariamente na mem\u00f3ria do computador enquanto o visitante navega no site. Este cookie \u00e9 apagado quando o usu\u00e1rio fecha o navegador da web ou ap\u00f3s um certo tempo (o que significa que a sess\u00e3o expira). Um cookie sem sess\u00e3o permanece no computador do visitante at\u00e9 ser exclu\u00eddo. Por que usamos Cookies? Usamos cookies para saber mais sobre a forma como os [&hellip;]\" \/>\n<meta property=\"og:url\" content=\"https:\/\/test.digitlantico.pt\/costapereira\/public_html\/cookie-policy\/\" \/>\n<meta property=\"og:site_name\" content=\"Costa Pereira &amp; Filhos\" \/>\n<meta property=\"article:publisher\" content=\"https:\/\/www.facebook.com\/costapereira2013\" \/>\n<meta property=\"article:modified_time\" content=\"2023-01-04T15:59:02+00:00\" \/>\n<meta name=\"twitter:card\" content=\"summary_large_image\" \/>\n<meta name=\"twitter:label1\" content=\"Tempo estimado de leitura\" \/>\n\t<meta name=\"twitter:data1\" content=\"3 minutos\" \/>\n<script type=\"application\/ld+json\" class=\"yoast-schema-graph\">{\"@context\":\"https:\/\/schema.org\",\"@graph\":[{\"@type\":\"WebPage\",\"@id\":\"https:\/\/test.digitlantico.pt\/costapereira\/public_html\/cookie-policy\/\",\"url\":\"https:\/\/test.digitlantico.pt\/costapereira\/public_html\/cookie-policy\/\",\"name\":\"Pol\u00edtica de Cookies - Costa Pereira &amp; Filhos\",\"isPartOf\":{\"@id\":\"https:\/\/test.digitlantico.pt\/costapereira\/public_html\/#website\"},\"datePublished\":\"2023-01-04T15:35:14+00:00\",\"dateModified\":\"2023-01-04T15:59:02+00:00\",\"breadcrumb\":{\"@id\":\"https:\/\/test.digitlantico.pt\/costapereira\/public_html\/cookie-policy\/#breadcrumb\"},\"inLanguage\":\"pt-PT\",\"potentialAction\":[{\"@type\":\"ReadAction\",\"target\":[\"https:\/\/test.digitlantico.pt\/costapereira\/public_html\/cookie-policy\/\"]}]},{\"@type\":\"BreadcrumbList\",\"@id\":\"https:\/\/test.digitlantico.pt\/costapereira\/public_html\/cookie-policy\/#breadcrumb\",\"itemListElement\":[{\"@type\":\"ListItem\",\"position\":1,\"name\":\"Home\",\"item\":\"https:\/\/test.digitlantico.pt\/costapereira\/public_html\/\"},{\"@type\":\"ListItem\",\"position\":2,\"name\":\"Pol\u00edtica de Cookies\"}]},{\"@type\":\"WebSite\",\"@id\":\"https:\/\/test.digitlantico.pt\/costapereira\/public_html\/#website\",\"url\":\"https:\/\/test.digitlantico.pt\/costapereira\/public_html\/\",\"name\":\"Costa Pereira &amp; Filhos\",\"description\":\"Materiais de constru\u00e7\u00e3o\",\"publisher\":{\"@id\":\"https:\/\/test.digitlantico.pt\/costapereira\/public_html\/#organization\"},\"potentialAction\":[{\"@type\":\"SearchAction\",\"target\":{\"@type\":\"EntryPoint\",\"urlTemplate\":\"https:\/\/test.digitlantico.pt\/costapereira\/public_html\/?s={search_term_string}\"},\"query-input\":\"required name=search_term_string\"}],\"inLanguage\":\"pt-PT\"},{\"@type\":\"Organization\",\"@id\":\"https:\/\/test.digitlantico.pt\/costapereira\/public_html\/#organization\",\"name\":\"Costa Pereira e Filhos, Lda.\",\"url\":\"https:\/\/test.digitlantico.pt\/costapereira\/public_html\/\",\"sameAs\":[\"https:\/\/www.facebook.com\/costapereira2013\"],\"logo\":{\"@type\":\"ImageObject\",\"inLanguage\":\"pt-PT\",\"@id\":\"https:\/\/test.digitlantico.pt\/costapereira\/public_html\/#\/schema\/logo\/image\/\",\"url\":\"https:\/\/test.digitlantico.pt\/costapereira\/public_html\/app\/uploads\/2021\/07\/Logojpg-500-e1647600502951.jpg\",\"contentUrl\":\"https:\/\/test.digitlantico.pt\/costapereira\/public_html\/app\/uploads\/2021\/07\/Logojpg-500-e1647600502951.jpg\",\"width\":471,\"height\":138,\"caption\":\"Costa Pereira e Filhos, Lda.\"},\"image\":{\"@id\":\"https:\/\/test.digitlantico.pt\/costapereira\/public_html\/#\/schema\/logo\/image\/\"}}]}<\/script>\n<!-- \/ Yoast SEO plugin. -->","yoast_head_json":{"title":"Pol\u00edtica de Cookies - Costa Pereira &amp; Filhos","robots":{"index":"index","follow":"follow","max-snippet":"max-snippet:-1","max-image-preview":"max-image-preview:large","max-video-preview":"max-video-preview:-1"},"canonical":"https:\/\/test.digitlantico.pt\/costapereira\/public_html\/cookie-policy\/","og_locale":"pt_PT","og_type":"article","og_title":"Pol\u00edtica de Cookies - Costa Pereira &amp; Filhos","og_description":"Pol\u00edtica de Cookies O que \u00e9 um Cookie? Cookies s\u00e3o pequenos arquivos de texto, criados pelo site visitado, que cont\u00eam dados. Eles s\u00e3o armazenados no computador do visitante para dar ao usu\u00e1rio acesso a v\u00e1rias fun\u00e7\u00f5es. Ambos os cookies de sess\u00e3o e os cookies de n\u00e3o sess\u00e3o s\u00e3o usados neste site (o \u201cSite\u201d). Um cookie de sess\u00e3o \u00e9 armazenado temporariamente na mem\u00f3ria do computador enquanto o visitante navega no site. Este cookie \u00e9 apagado quando o usu\u00e1rio fecha o navegador da web ou ap\u00f3s um certo tempo (o que significa que a sess\u00e3o expira). Um cookie sem sess\u00e3o permanece no computador do visitante at\u00e9 ser exclu\u00eddo. Por que usamos Cookies? Usamos cookies para saber mais sobre a forma como os [&hellip;]","og_url":"https:\/\/test.digitlantico.pt\/costapereira\/public_html\/cookie-policy\/","og_site_name":"Costa Pereira &amp; Filhos","article_publisher":"https:\/\/www.facebook.com\/costapereira2013","article_modified_time":"2023-01-04T15:59:02+00:00","twitter_card":"summary_large_image","twitter_misc":{"Tempo estimado de leitura":"3 minutos"},"schema":{"@context":"https:\/\/schema.org","@graph":[{"@type":"WebPage","@id":"https:\/\/test.digitlantico.pt\/costapereira\/public_html\/cookie-policy\/","url":"https:\/\/test.digitlantico.pt\/costapereira\/public_html\/cookie-policy\/","name":"Pol\u00edtica de Cookies - Costa Pereira &amp; Filhos","isPartOf":{"@id":"https:\/\/test.digitlantico.pt\/costapereira\/public_html\/#website"},"datePublished":"2023-01-04T15:35:14+00:00","dateModified":"2023-01-04T15:59:02+00:00","breadcrumb":{"@id":"https:\/\/test.digitlantico.pt\/costapereira\/public_html\/cookie-policy\/#breadcrumb"},"inLanguage":"pt-PT","potentialAction":[{"@type":"ReadAction","target":["https:\/\/test.digitlantico.pt\/costapereira\/public_html\/cookie-policy\/"]}]},{"@type":"BreadcrumbList","@id":"https:\/\/test.digitlantico.pt\/costapereira\/public_html\/cookie-policy\/#breadcrumb","itemListElement":[{"@type":"ListItem","position":1,"name":"Home","item":"https:\/\/test.digitlantico.pt\/costapereira\/public_html\/"},{"@type":"ListItem","position":2,"name":"Pol\u00edtica de Cookies"}]},{"@type":"WebSite","@id":"https:\/\/test.digitlantico.pt\/costapereira\/public_html\/#website","url":"https:\/\/test.digitlantico.pt\/costapereira\/public_html\/","name":"Costa Pereira &amp; Filhos","description":"Materiais de constru\u00e7\u00e3o","publisher":{"@id":"https:\/\/test.digitlantico.pt\/costapereira\/public_html\/#organization"},"potentialAction":[{"@type":"SearchAction","target":{"@type":"EntryPoint","urlTemplate":"https:\/\/test.digitlantico.pt\/costapereira\/public_html\/?s={search_term_string}"},"query-input":"required name=search_term_string"}],"inLanguage":"pt-PT"},{"@type":"Organization","@id":"https:\/\/test.digitlantico.pt\/costapereira\/public_html\/#organization","name":"Costa Pereira e Filhos, Lda.","url":"https:\/\/test.digitlantico.pt\/costapereira\/public_html\/","sameAs":["https:\/\/www.facebook.com\/costapereira2013"],"logo":{"@type":"ImageObject","inLanguage":"pt-PT","@id":"https:\/\/test.digitlantico.pt\/costapereira\/public_html\/#\/schema\/logo\/image\/","url":"https:\/\/test.digitlantico.pt\/costapereira\/public_html\/app\/uploads\/2021\/07\/Logojpg-500-e1647600502951.jpg","contentUrl":"https:\/\/test.digitlantico.pt\/costapereira\/public_html\/app\/uploads\/2021\/07\/Logojpg-500-e1647600502951.jpg","width":471,"height":138,"caption":"Costa Pereira e Filhos, Lda."},"image":{"@id":"https:\/\/test.digitlantico.pt\/costapereira\/public_html\/#\/schema\/logo\/image\/"}}]}},"_links":{"self":[{"href":"https:\/\/test.digitlantico.pt\/costapereira\/public_html\/wp-json\/wp\/v2\/pages\/2442"}],"collection":[{"href":"https:\/\/test.digitlantico.pt\/costapereira\/public_html\/wp-json\/wp\/v2\/pages"}],"about":[{"href":"https:\/\/test.digitlantico.pt\/costapereira\/public_html\/wp-json\/wp\/v2\/types\/page"}],"author":[{"embeddable":true,"href":"https:\/\/test.digitlantico.pt\/costapereira\/public_html\/wp-json\/wp\/v2\/users\/1"}],"replies":[{"embeddable":true,"href":"https:\/\/test.digitlantico.pt\/costapereira\/public_html\/wp-json\/wp\/v2\/comments?post=2442"}],"version-history":[{"count":0,"href":"https:\/\/test.digitlantico.pt\/costapereira\/public_html\/wp-json\/wp\/v2\/pages\/2442\/revisions"}],"wp:attachment":[{"href":"https:\/\/test.digitlantico.pt\/costapereira\/public_html\/wp-json\/wp\/v2\/media?parent=2442"}],"curies":[{"name":"wp","href":"https:\/\/api.w.org\/{rel}","templated":true}]}}